{"id":24,"date":"2026-01-02T07:06:55","date_gmt":"2026-01-02T07:06:55","guid":{"rendered":"https:\/\/proplay.com.pl\/?page_id=24"},"modified":"2026-01-02T07:06:55","modified_gmt":"2026-01-02T07:06:55","slug":"o-mnie","status":"publish","type":"page","link":"https:\/\/proplay.com.pl\/?page_id=24","title":{"rendered":"O mnie"},"content":{"rendered":"\n<p>Tworz\u0119 tre\u015bci oparte na rzetelnych informacjach i praktycznym podej\u015bciu do r\u00f3\u017cnych temat\u00f3w. Skupiam si\u0119 na jasnym przekazie, naturalnym j\u0119zyku oraz u\u017cyteczno\u015bci dla czytelnika. Moje do\u015bwiadczenie obejmuje opisy produkt\u00f3w, zagadnienia zwi\u0105zane ze sportem i stylem \u017cycia, a tak\u017ce teksty informacyjne dopasowane do potrzeb stron internetowych. Ka\u017cdy materia\u0142 przygotowuj\u0119 z dba\u0142o\u015bci\u0105 o sp\u00f3jno\u015b\u0107, klarown\u0105 struktur\u0119 i wiarygodno\u015b\u0107 przekazu.<\/p>\n","protected":false},"excerpt":{"rendered":"<p>Tworz\u0119 tre\u015bci oparte na rzetelnych informacjach i praktycznym podej\u015bciu do r\u00f3\u017cnych temat\u00f3w. Skupiam si\u0119 na jasnym przekazie, naturalnym j\u0119zyku oraz u\u017cyteczno\u015bci dla czytelnika. Moje do\u015bwiadczenie obejmuje opisy produkt\u00f3w, zagadnienia zwi\u0105zane ze sportem i stylem \u017cycia, a tak\u017ce teksty informacyjne dopasowane do potrzeb stron internetowych. Ka\u017cdy materia\u0142 przygotowuj\u0119 z dba\u0142o\u015bci\u0105 o sp\u00f3jno\u015b\u0107, klarown\u0105 struktur\u0119 i wiarygodno\u015b\u0107 [&hellip;]<\/p>\n","protected":false},"author":1,"featured_media":0,"parent":0,"menu_order":0,"comment_status":"closed","ping_status":"closed","template":"","meta":{"footnotes":""},"class_list":["post-24","page","type-page","status-publish","hentry"],"_links":{"self":[{"href":"https:\/\/proplay.com.pl\/index.php?rest_route=\/wp\/v2\/pages\/24","targetHints":{"allow":["GET"]}}],"collection":[{"href":"https:\/\/proplay.com.pl\/index.php?rest_route=\/wp\/v2\/pages"}],"about":[{"href":"https:\/\/proplay.com.pl\/index.php?rest_route=\/wp\/v2\/types\/page"}],"author":[{"embeddable":true,"href":"https:\/\/proplay.com.pl\/index.php?rest_route=\/wp\/v2\/users\/1"}],"replies":[{"embeddable":true,"href":"https:\/\/proplay.com.pl\/index.php?rest_route=%2Fwp%2Fv2%2Fcomments&post=24"}],"version-history":[{"count":0,"href":"https:\/\/proplay.com.pl\/index.php?rest_route=\/wp\/v2\/pages\/24\/revisions"}],"wp:attachment":[{"href":"https:\/\/proplay.com.pl\/index.php?rest_route=%2Fwp%2Fv2%2Fmedia&parent=24"}],"curies":[{"name":"wp","href":"https:\/\/api.w.org\/{rel}","templated":true}]}}